{"id":78,"date":"2024-08-09T10:45:54","date_gmt":"2024-08-09T16:45:54","guid":{"rendered":"http:\/\/ingsintesis.com.mx\/?page_id=78"},"modified":"2024-08-31T14:28:10","modified_gmt":"2024-08-31T20:28:10","slug":"nosotros","status":"publish","type":"page","link":"http:\/\/ingsintesis.com.mx\/?page_id=78","title":{"rendered":"Nosotros"},"content":{"rendered":"\t\t<div data-elementor-type=\"wp-page\" data-elementor-id=\"78\" class=\"elementor elementor-78\" data-elementor-post-type=\"page\">\n\t\t\t\t<div class=\"elementor-element elementor-element-23645794 .elementor-image-gallery .gallery-item img e-flex e-con-boxed e-con e-parent\" data-id=\"23645794\" data-element_type=\"container\" data-settings=\"{&quot;background_background&quot;:&quot;slideshow&quot;,&quot;background_slideshow_gallery&quot;:[{&quot;id&quot;:857,&quot;url&quot;:&quot;http:\\\/\\\/ingsintesis.com.mx\\\/wp-content\\\/uploads\\\/2024\\\/08\\\/Nosotros-op-01.jpg&quot;},{&quot;id&quot;:757,&quot;url&quot;:&quot;http:\\\/\\\/ingsintesis.com.mx\\\/wp-content\\\/uploads\\\/2024\\\/08\\\/IMG-banner-00-02.jpg&quot;}],&quot;shape_divider_bottom&quot;:&quot;mountains&quot;,&quot;animation&quot;:&quot;none&quot;,&quot;background_slideshow_transition_duration&quot;:2000,&quot;background_slideshow_ken_burns_zoom_direction&quot;:&quot;out&quot;,&quot;background_slideshow_slide_duration&quot;:15000,&quot;background_slideshow_ken_burns&quot;:&quot;yes&quot;,&quot;background_slideshow_loop&quot;:&quot;yes&quot;,&quot;background_slideshow_slide_transition&quot;:&quot;fade&quot;}\">\n\t\t\t\t\t<div class=\"e-con-inner\">\n\t\t\t\t<div class=\"elementor-shape elementor-shape-bottom\" data-negative=\"false\">\n\t\t\t<svg xmlns=\"http:\/\/www.w3.org\/2000\/svg\" viewBox=\"0 0 1000 100\" preserveAspectRatio=\"none\">\n\t<path class=\"elementor-shape-fill\" opacity=\"0.33\" d=\"M473,67.3c-203.9,88.3-263.1-34-320.3,0C66,119.1,0,59.7,0,59.7V0h1000v59.7 c0,0-62.1,26.1-94.9,29.3c-32.8,3.3-62.8-12.3-75.8-22.1C806,49.6,745.3,8.7,694.9,4.7S492.4,59,473,67.3z\"\/>\n\t<path class=\"elementor-shape-fill\" opacity=\"0.66\" d=\"M734,67.3c-45.5,0-77.2-23.2-129.1-39.1c-28.6-8.7-150.3-10.1-254,39.1 s-91.7-34.4-149.2,0C115.7,118.3,0,39.8,0,39.8V0h1000v36.5c0,0-28.2-18.5-92.1-18.5C810.2,18.1,775.7,67.3,734,67.3z\"\/>\n\t<path class=\"elementor-shape-fill\" d=\"M766.1,28.9c-200-57.5-266,65.5-395.1,19.5C242,1.8,242,5.4,184.8,20.6C128,35.8,132.3,44.9,89.9,52.5C28.6,63.7,0,0,0,0 h1000c0,0-9.9,40.9-83.6,48.1S829.6,47,766.1,28.9z\"\/>\n<\/svg>\t\t<\/div>\n\t\t\t\t<div class=\"elementor-element elementor-element-2a3c8e0a elementor-widget__width-initial elementor-widget-mobile__width-initial elementor-widget elementor-widget-heading\" data-id=\"2a3c8e0a\" data-element_type=\"widget\" data-widget_type=\"heading.default\">\n\t\t\t\t<div class=\"elementor-widget-container\">\n\t\t\t<h1 class=\"elementor-heading-title elementor-size-default\">Desde sus inicios Ingenier\u00eda y S\u00edntesis se ha dedicado a ofrecer soluciones innovadoras en la industria qu\u00edmica y ambiental.<\/h1>\t\t<\/div>\n\t\t\t\t<\/div>\n\t\t\t\t<div class=\"elementor-element elementor-element-13aaf355 elementor-widget__width-initial elementor-widget-mobile__width-initial elementor-widget elementor-widget-text-editor\" data-id=\"13aaf355\" data-element_type=\"widget\" data-widget_type=\"text-editor.default\">\n\t\t\t\t<div class=\"elementor-widget-container\">\n\t\t\t\t\t\t\t<p>Nos especializamos en el an\u00e1lisis de emisiones de fuentes fijas, ruido perimetral y calidad del aire.\u00a0 Contamos con un equipo altamente capacitado y con el cual garantizamos la m\u00e1xima calidad en nuestros servicios.<\/p>\t\t\t\t\t\t<\/div>\n\t\t\t\t<\/div>\n\t\t\t\t\t<\/div>\n\t\t\t\t<\/div>\n\t\t<div class=\"elementor-element elementor-element-250653d e-flex e-con-boxed e-con e-parent\" data-id=\"250653d\" data-element_type=\"container\">\n\t\t\t\t\t<div class=\"e-con-inner\">\n\t\t<div class=\"elementor-element elementor-element-135718e e-grid e-con-full e-con e-child\" data-id=\"135718e\" data-element_type=\"container\">\n\t\t<div class=\"elementor-element elementor-element-8a2fbfb e-con-full e-flex elementor-invisible e-con e-child\" data-id=\"8a2fbfb\" data-element_type=\"container\" data-settings=\"{&quot;background_background&quot;:&quot;classic&quot;,&quot;animation&quot;:&quot;fadeIn&quot;}\">\n\t\t\t\t<div class=\"elementor-element elementor-element-3dd75b4 elementor-view-default elementor-widget elementor-widget-icon\" data-id=\"3dd75b4\" data-element_type=\"widget\" data-widget_type=\"icon.default\">\n\t\t\t\t<div class=\"elementor-widget-container\">\n\t\t\t\t\t<div class=\"elementor-icon-wrapper\">\n\t\t\t<div class=\"elementor-icon\">\n\t\t\t<svg xmlns=\"http:\/\/www.w3.org\/2000\/svg\" xmlns:xlink=\"http:\/\/www.w3.org\/1999\/xlink\" id=\"Capa_1\" x=\"0px\" y=\"0px\" viewBox=\"0 0 110.55 83.28\" xml:space=\"preserve\"><g id=\"Layer_1_1_\"><\/g><g>\t<path fill=\"#66CC66\" d=\"M72.92,30.55c3.2,4.49,5.1,9.97,5.1,15.89c0,15.12-12.3,27.41-27.41,27.41s-27.41-12.3-27.41-27.41  s12.3-27.41,27.41-27.41c5.92,0,11.4,1.89,15.89,5.1l5.56-5.56c-5.94-4.59-13.38-7.32-21.46-7.32c-19.41,0-35.2,15.79-35.2,35.2  s15.79,35.2,35.2,35.2s35.2-15.79,35.2-35.2c0-8.07-2.74-15.51-7.32-21.46L72.92,30.55z\"><\/path>\t<path fill=\"#66CC66\" d=\"M68.82,34.65l-4.12,4.12c1.25,2.28,1.95,4.89,1.95,7.67c0,8.85-7.2,16.05-16.05,16.05  s-16.05-7.2-16.05-16.05c0-8.85,7.2-16.05,16.05-16.05c2.78,0,5.39,0.71,7.67,1.95l4.12-4.12c-3.39-2.2-7.44-3.48-11.78-3.48  c-11.98,0-21.7,9.71-21.7,21.7c0,11.98,9.71,21.69,21.7,21.69c11.98,0,21.69-9.71,21.69-21.69C72.3,42.09,71.02,38.05,68.82,34.65z  \"><\/path>\t<circle fill=\"#66CC66\" cx=\"50.61\" cy=\"46.44\" r=\"9.28\"><\/circle>\t<polygon fill=\"#66CC66\" points=\"95.14,9.8 88.95,7.93 87.42,1.64 76.05,12.4 77.28,17.47 49.46,45.29 51.75,47.58 79.93,19.41   83.77,20.57  \"><\/polygon><\/g><\/svg>\t\t\t<\/div>\n\t\t<\/div>\n\t\t\t\t<\/div>\n\t\t\t\t<\/div>\n\t\t\t\t<div class=\"elementor-element elementor-element-bc156a1 elementor-widget elementor-widget-heading\" data-id=\"bc156a1\" data-element_type=\"widget\" data-widget_type=\"heading.default\">\n\t\t\t\t<div class=\"elementor-widget-container\">\n\t\t\t<h2 class=\"elementor-heading-title elementor-size-default\">Misi\u00f3n<\/h2>\t\t<\/div>\n\t\t\t\t<\/div>\n\t\t\t\t<div class=\"elementor-element elementor-element-36c29d6 elementor-widget elementor-widget-text-editor\" data-id=\"36c29d6\" data-element_type=\"widget\" data-widget_type=\"text-editor.default\">\n\t\t\t\t<div class=\"elementor-widget-container\">\n\t\t\t\t\t\t\t<p>Proporcionar a las empresas nacionales e internacionales un servicio integral y de alta calidad en el an\u00e1lisis de emisiones, ruido perimetral y calidad del aire. Nuestro compromiso es el beneficio mutuo de nuestros empleados, clientes, proveedores y la sociedad en general.<\/p>\t\t\t\t\t\t<\/div>\n\t\t\t\t<\/div>\n\t\t\t\t<\/div>\n\t\t<div class=\"elementor-element elementor-element-573adfb e-con-full e-flex elementor-invisible e-con e-child\" data-id=\"573adfb\" data-element_type=\"container\" data-settings=\"{&quot;background_background&quot;:&quot;classic&quot;,&quot;animation&quot;:&quot;fadeIn&quot;}\">\n\t\t\t\t<div class=\"elementor-element elementor-element-acae279 elementor-view-default elementor-widget elementor-widget-icon\" data-id=\"acae279\" data-element_type=\"widget\" data-widget_type=\"icon.default\">\n\t\t\t\t<div class=\"elementor-widget-container\">\n\t\t\t\t\t<div class=\"elementor-icon-wrapper\">\n\t\t\t<div class=\"elementor-icon\">\n\t\t\t<svg xmlns=\"http:\/\/www.w3.org\/2000\/svg\" xmlns:xlink=\"http:\/\/www.w3.org\/1999\/xlink\" id=\"Capa_1\" x=\"0px\" y=\"0px\" viewBox=\"0 0 110.55 83.28\" xml:space=\"preserve\"><g id=\"Layer_1_1_\"><\/g><g>\t<path fill=\"#66CC66\" d=\"M63.36,28.08c8.42,3.64,14.32,12.02,14.32,21.78c0,9.76-5.9,18.14-14.32,21.78  c29.75-3.33,43.69-21.78,43.69-21.78S93.11,31.41,63.36,28.08z\"><\/path>\t<path fill=\"#66CC66\" d=\"M30.24,49.86c0-9.74,5.87-18.1,14.26-21.75c-29.18,3.42-41,21.75-41,21.75s11.82,18.34,41,21.75  C36.1,67.96,30.24,59.6,30.24,49.86z\"><\/path>\t<path fill=\"#66CC66\" d=\"M53.96,34.18c-8.66,0-15.68,7.02-15.68,15.68s7.02,15.68,15.68,15.68s15.68-7.02,15.68-15.68  S62.62,34.18,53.96,34.18z M53.96,55.99c-3.38,0-6.13-2.74-6.13-6.13c0-3.38,2.74-6.13,6.13-6.13s6.13,2.74,6.13,6.13  C60.08,53.24,57.34,55.99,53.96,55.99z M62.32,42.72c-1.24,0-2.24-1-2.24-2.24c0-1.24,1-2.24,2.24-2.24c1.24,0,2.24,1,2.24,2.24  C64.56,41.72,63.56,42.72,62.32,42.72z\"><\/path>\t<path fill=\"#66CC66\" d=\"M25.41,26.43c1.92-0.61,3.91-1.17,6.01-1.67l-9.53-9.53c-2.08,0.5-4.09,1.05-6.04,1.64L25.41,26.43z\"><\/path>\t<path fill=\"#66CC66\" d=\"M53.15,11.64c-0.64,0-1.28,0.01-1.91,0.02v10.64c0.81-0.02,1.6-0.05,2.43-0.05c1.02,0,2.01,0.03,3.01,0.06  V11.69C55.51,11.66,54.34,11.64,53.15,11.64z\"><\/path>\t<path fill=\"#66CC66\" d=\"M85.79,15.47l-9.35,9.35c2.09,0.49,4.1,1.05,6.04,1.64l9.36-9.36C89.88,16.52,87.86,15.97,85.79,15.47z\"><\/path><\/g><\/svg>\t\t\t<\/div>\n\t\t<\/div>\n\t\t\t\t<\/div>\n\t\t\t\t<\/div>\n\t\t\t\t<div class=\"elementor-element elementor-element-60a6493 elementor-widget elementor-widget-heading\" data-id=\"60a6493\" data-element_type=\"widget\" data-widget_type=\"heading.default\">\n\t\t\t\t<div class=\"elementor-widget-container\">\n\t\t\t<h2 class=\"elementor-heading-title elementor-size-default\">Visi\u00f3n<\/h2>\t\t<\/div>\n\t\t\t\t<\/div>\n\t\t\t\t<div class=\"elementor-element elementor-element-b3fe74f elementor-widget elementor-widget-text-editor\" data-id=\"b3fe74f\" data-element_type=\"widget\" data-widget_type=\"text-editor.default\">\n\t\t\t\t<div class=\"elementor-widget-container\">\n\t\t\t\t\t\t\t<p>Ser uno de los principales laboratorios de ensayo a nivel nacional, liderando en la materia de an\u00e1lisis ambientales y determinaci\u00f3n de contaminantes atmosf\u00e9ricos, cumpliendo y superando las expectativas de nuestros clientes.<\/p>\t\t\t\t\t\t<\/div>\n\t\t\t\t<\/div>\n\t\t\t\t<\/div>\n\t\t<div class=\"elementor-element elementor-element-cf2ab83 e-con-full e-flex elementor-invisible e-con e-child\" data-id=\"cf2ab83\" data-element_type=\"container\" data-settings=\"{&quot;background_background&quot;:&quot;classic&quot;,&quot;animation&quot;:&quot;fadeIn&quot;}\">\n\t\t\t\t<div class=\"elementor-element elementor-element-7807520 elementor-view-default elementor-widget elementor-widget-icon\" data-id=\"7807520\" data-element_type=\"widget\" data-widget_type=\"icon.default\">\n\t\t\t\t<div class=\"elementor-widget-container\">\n\t\t\t\t\t<div class=\"elementor-icon-wrapper\">\n\t\t\t<div class=\"elementor-icon\">\n\t\t\t<svg xmlns=\"http:\/\/www.w3.org\/2000\/svg\" xmlns:xlink=\"http:\/\/www.w3.org\/1999\/xlink\" id=\"Capa_1\" x=\"0px\" y=\"0px\" viewBox=\"0 0 110.55 83.28\" xml:space=\"preserve\"><g id=\"Layer_1_1_\"><\/g><path fill-rule=\"evenodd\" clip-rule=\"evenodd\" fill=\"#66CC66\" d=\"M36.2,55.99l-8.85,18.97c-0.06,0.13-0.02,0.28,0.11,0.38 c0.12,0.1,0.29,0.13,0.42,0.06l9.72-5c0.1-0.05,0.22-0.05,0.33,0c0.11,0.05,0.19,0.14,0.21,0.25l2.47,10.69 c0.03,0.14,0.16,0.26,0.32,0.28c0.16,0.03,0.3-0.04,0.36-0.16l9.65-20.7c-0.77-0.5-1.46-1.14-2.05-1.9l-2.14-2.78 c-0.2-0.26-0.41-0.32-0.72-0.22c-1.03,0.33-2.06,0.67-3.09,1C40.67,57.59,38.21,57.28,36.2,55.99L36.2,55.99z M56.41,18.3l2.27,7.03 l7.38-0.01c0.53,0,0.98,0.32,1.14,0.83c0.16,0.5-0.01,1.03-0.44,1.34l-5.98,4.33l2.3,7.02c0.16,0.5-0.01,1.03-0.43,1.34 c-0.43,0.31-0.98,0.31-1.41,0l-5.97-4.35l-5.97,4.35c-0.43,0.31-0.98,0.31-1.41,0c-0.43-0.31-0.6-0.84-0.43-1.34l2.3-7.02 l-5.98-4.33c-0.43-0.31-0.6-0.84-0.44-1.34c0.16-0.5,0.61-0.83,1.14-0.83l7.38,0.01l2.27-7.03c0.16-0.5,0.61-0.83,1.14-0.83 C55.8,17.47,56.25,17.8,56.41,18.3L56.41,18.3z M74.35,55.99l8.85,18.97c0.06,0.13,0.02,0.28-0.11,0.38 c-0.12,0.1-0.29,0.13-0.42,0.06l-9.72-5c-0.1-0.05-0.22-0.05-0.33,0c-0.11,0.05-0.19,0.14-0.21,0.25l-2.47,10.69 c-0.03,0.14-0.16,0.26-0.32,0.28c-0.16,0.03-0.3-0.04-0.36-0.16l-9.65-20.69c0.81-0.53,1.54-1.21,2.13-2.03 c0.63-0.86,1.25-1.73,1.88-2.6c0.19-0.26,0.4-0.34,0.71-0.24l3.4,0.99C69.98,57.56,72.38,57.25,74.35,55.99L74.35,55.99z  M66.21,7.55c1.43-0.45,2.76-0.88,3.15-1c0.69-0.22,1.37-0.12,1.96,0.3c0.58,0.42,0.88,1.05,0.89,1.77l0.03,3.35 c0.02,2.82,1.76,5.21,4.44,6.1c1.44,0.48,2.77,0.91,3.16,1.05c0.68,0.23,1.18,0.71,1.41,1.39c0.22,0.69,0.09,1.36-0.32,1.95 l-1.97,2.85c-1.59,2.29-1.56,5.2,0.07,7.47c0.87,1.2,1.67,2.31,1.91,2.65c0.42,0.59,0.54,1.27,0.32,1.95 c-0.22,0.69-0.73,1.15-1.41,1.39l-3.33,1.19c-2.63,0.94-4.3,3.32-4.3,6.11c0,1.46,0.01,2.79,0.01,3.19c0,0.72-0.31,1.34-0.89,1.77 c-0.58,0.42-1.26,0.5-1.96,0.3l-3.4-0.99c-2.68-0.78-5.43,0.16-7.06,2.42c-0.85,1.18-1.63,2.26-1.87,2.58 c-0.42,0.58-1.04,0.91-1.76,0.91c-0.72,0-1.32-0.33-1.76-0.91l-2.14-2.78c-1.7-2.21-4.47-3.08-7.13-2.22 c-1.4,0.45-2.68,0.87-3.07,0.99c-0.69,0.22-1.37,0.12-1.96-0.3c-0.58-0.42-0.87-1.05-0.89-1.77l-0.09-3.49 c-0.07-2.79-1.81-5.12-4.46-5.99c-1.4-0.46-2.69-0.88-3.07-1c-0.68-0.23-1.18-0.71-1.41-1.39c-0.22-0.69-0.1-1.37,0.32-1.95 l1.93-2.7c1.62-2.27,1.63-5.19,0.03-7.47c-0.89-1.26-1.71-2.44-1.96-2.79c-0.41-0.59-0.54-1.27-0.32-1.95 c0.22-0.69,0.73-1.15,1.41-1.39c0.4-0.14,1.76-0.6,3.21-1.09c2.65-0.9,4.36-3.27,4.39-6.08l0.03-3.32c0.01-0.72,0.31-1.34,0.89-1.77 c0.58-0.42,1.27-0.52,1.96-0.3l3.21,1.01c2.69,0.85,5.5-0.07,7.17-2.35c0.89-1.21,1.71-2.33,1.95-2.67 c0.43-0.58,1.04-0.91,1.76-0.91c0.72,0,1.33,0.33,1.76,0.91l2.04,2.72C60.75,7.51,63.54,8.4,66.21,7.55L66.21,7.55z M55.27,11.98 c9.37,0,16.96,7.59,16.96,16.96c0,9.37-7.59,16.96-16.96,16.96S38.32,38.3,38.32,28.94C38.32,19.57,45.91,11.98,55.27,11.98 L55.27,11.98z\"><\/path><\/svg>\t\t\t<\/div>\n\t\t<\/div>\n\t\t\t\t<\/div>\n\t\t\t\t<\/div>\n\t\t\t\t<div class=\"elementor-element elementor-element-0b5a797 elementor-widget elementor-widget-heading\" data-id=\"0b5a797\" data-element_type=\"widget\" data-widget_type=\"heading.default\">\n\t\t\t\t<div class=\"elementor-widget-container\">\n\t\t\t<h2 class=\"elementor-heading-title elementor-size-default\">Pol\u00edtica de calidad<\/h2>\t\t<\/div>\n\t\t\t\t<\/div>\n\t\t\t\t<div class=\"elementor-element elementor-element-038882e elementor-widget elementor-widget-text-editor\" data-id=\"038882e\" data-element_type=\"widget\" data-widget_type=\"text-editor.default\">\n\t\t\t\t<div class=\"elementor-widget-container\">\n\t\t\t\t\t\t\t<p>Proveemos servicios de ensayo y muestreo de manera confiable, trazable y veraz, asegurando la satisfacci\u00f3n de las necesidades particulares de nuestros clientes en el an\u00e1lisis de contaminantes provenientes de fuentes fijas y en calidad del aire.<\/p>\t\t\t\t\t\t<\/div>\n\t\t\t\t<\/div>\n\t\t\t\t<\/div>\n\t\t<div class=\"elementor-element elementor-element-bb6dcb6 e-con-full e-flex elementor-invisible e-con e-child\" data-id=\"bb6dcb6\" data-element_type=\"container\" data-settings=\"{&quot;background_background&quot;:&quot;classic&quot;,&quot;animation&quot;:&quot;fadeIn&quot;}\">\n\t\t\t\t<div class=\"elementor-element elementor-element-e6c7feb elementor-view-default elementor-widget elementor-widget-icon\" data-id=\"e6c7feb\" data-element_type=\"widget\" data-widget_type=\"icon.default\">\n\t\t\t\t<div class=\"elementor-widget-container\">\n\t\t\t\t\t<div class=\"elementor-icon-wrapper\">\n\t\t\t<div class=\"elementor-icon\">\n\t\t\t<svg xmlns=\"http:\/\/www.w3.org\/2000\/svg\" xmlns:xlink=\"http:\/\/www.w3.org\/1999\/xlink\" id=\"Capa_1\" x=\"0px\" y=\"0px\" viewBox=\"0 0 110.55 83.28\" xml:space=\"preserve\"><g id=\"Layer_1_1_\"><\/g><g>\t<polygon fill=\"#66CC66\" points=\"67.87,68.49 61.3,68.49 61.3,1.64 50.21,1.64 50.21,68.49 43.64,68.49 43.64,76.64 26.38,76.64   26.38,81.64 50.21,81.64 61.3,81.64 85.13,81.64 85.13,76.64 67.87,76.64  \"><\/polygon>\t<path fill=\"#66CC66\" d=\"M89.58,9.34h-68.6L4.9,42.81c0.87,8.1,7.72,14.42,16.06,14.42c14.28,0,16.09-14.42,16.09-14.42L24.33,16.32  h61.9L73.5,42.81c0.87,8.1,7.72,14.42,16.06,14.42c14.28,0,16.09-14.42,16.09-14.42L89.58,9.34z M20.96,53.02  c-4.43,0-8.32-2.4-10.39-6.02h20.77C29.28,50.63,25.38,53.02,20.96,53.02z M9.6,42.81l11.37-23.77l11.5,23.77H9.6z M89.56,53.02  c-4.43,0-8.32-2.4-10.39-6.02h20.78C97.88,50.63,93.99,53.02,89.56,53.02z M78.21,42.81l11.37-23.77l11.5,23.77H78.21z\"><\/path><\/g><\/svg>\t\t\t<\/div>\n\t\t<\/div>\n\t\t\t\t<\/div>\n\t\t\t\t<\/div>\n\t\t\t\t<div class=\"elementor-element elementor-element-25e5f6f elementor-widget elementor-widget-heading\" data-id=\"25e5f6f\" data-element_type=\"widget\" data-widget_type=\"heading.default\">\n\t\t\t\t<div class=\"elementor-widget-container\">\n\t\t\t<h2 class=\"elementor-heading-title elementor-size-default\">Pol\u00edtica de imparcialidad<\/h2>\t\t<\/div>\n\t\t\t\t<\/div>\n\t\t\t\t<div class=\"elementor-element elementor-element-847fa48 elementor-widget elementor-widget-text-editor\" data-id=\"847fa48\" data-element_type=\"widget\" data-widget_type=\"text-editor.default\">\n\t\t\t\t<div class=\"elementor-widget-container\">\n\t\t\t\t\t\t\t<p>Ingenier\u00eda y S\u00edntesis se compromete a mantener la confianza en su competencia, imparcialidad y juicio, absteni\u00e9ndose de participar en actividades que comprometan estos valores.<\/p>\t\t\t\t\t\t<\/div>\n\t\t\t\t<\/div>\n\t\t\t\t<\/div>\n\t\t\t\t<\/div>\n\t\t\t\t\t<\/div>\n\t\t\t\t<\/div>\n\t\t\t\t<\/div>\n\t\t","protected":false},"excerpt":{"rendered":"<p>Desde sus inicios Ingenier\u00eda y S\u00edntesis se ha dedicado a ofrecer soluciones innovadoras en la industria qu\u00edmica y ambiental. Nos especializamos en el an\u00e1lisis de emisiones de fuentes fijas, ruido perimetral y calidad del aire.\u00a0 Contamos con un equipo altamente capacitado y con el cual garantizamos la m\u00e1xima calidad en nuestros servicios. Misi\u00f3n Proporcionar a [&hellip;]<\/p>\n","protected":false},"author":1,"featured_media":0,"parent":0,"menu_order":0,"comment_status":"closed","ping_status":"closed","template":"","meta":{"_uag_custom_page_level_css":"","footnotes":""},"class_list":["post-78","page","type-page","status-publish","hentry"],"aioseo_notices":[],"uagb_featured_image_src":{"full":false,"thumbnail":false,"medium":false,"medium_large":false,"large":false,"1536x1536":false,"2048x2048":false},"uagb_author_info":{"display_name":"ingsinprueba_ywafvg","author_link":"http:\/\/ingsintesis.com.mx\/?author=1"},"uagb_comment_info":0,"uagb_excerpt":"Desde sus inicios Ingenier\u00eda y S\u00edntesis se ha dedicado a ofrecer soluciones innovadoras en la industria qu\u00edmica y ambiental. Nos especializamos en el an\u00e1lisis de emisiones de fuentes fijas, ruido perimetral y calidad del aire.\u00a0 Contamos con un equipo altamente capacitado y con el cual garantizamos la m\u00e1xima calidad en nuestros servicios. Misi\u00f3n Proporcionar a&hellip;","_links":{"self":[{"href":"http:\/\/ingsintesis.com.mx\/index.php?rest_route=\/wp\/v2\/pages\/78","targetHints":{"allow":["GET"]}}],"collection":[{"href":"http:\/\/ingsintesis.com.mx\/index.php?rest_route=\/wp\/v2\/pages"}],"about":[{"href":"http:\/\/ingsintesis.com.mx\/index.php?rest_route=\/wp\/v2\/types\/page"}],"author":[{"embeddable":true,"href":"http:\/\/ingsintesis.com.mx\/index.php?rest_route=\/wp\/v2\/users\/1"}],"replies":[{"embeddable":true,"href":"http:\/\/ingsintesis.com.mx\/index.php?rest_route=%2Fwp%2Fv2%2Fcomments&post=78"}],"version-history":[{"count":13,"href":"http:\/\/ingsintesis.com.mx\/index.php?rest_route=\/wp\/v2\/pages\/78\/revisions"}],"predecessor-version":[{"id":1063,"href":"http:\/\/ingsintesis.com.mx\/index.php?rest_route=\/wp\/v2\/pages\/78\/revisions\/1063"}],"wp:attachment":[{"href":"http:\/\/ingsintesis.com.mx\/index.php?rest_route=%2Fwp%2Fv2%2Fmedia&parent=78"}],"curies":[{"name":"wp","href":"https:\/\/api.w.org\/{rel}","templated":true}]}}