{"id":568,"date":"2024-08-12T12:31:08","date_gmt":"2024-08-12T18:31:08","guid":{"rendered":"http:\/\/ingsintesis.com.mx\/?page_id=568"},"modified":"2026-01-27T12:00:34","modified_gmt":"2026-01-27T18:00:34","slug":"calidad-del-aire","status":"publish","type":"page","link":"http:\/\/ingsintesis.com.mx\/?page_id=568","title":{"rendered":"Calidad del aire"},"content":{"rendered":"\t\t<div data-elementor-type=\"wp-page\" data-elementor-id=\"568\" class=\"elementor elementor-568\" data-elementor-post-type=\"page\">\n\t\t\t\t<div class=\"elementor-element elementor-element-1056e8f .elementor-image-gallery .gallery-item img e-flex e-con-boxed e-con e-parent\" data-id=\"1056e8f\" data-element_type=\"container\" data-settings=\"{&quot;background_background&quot;:&quot;slideshow&quot;,&quot;background_slideshow_gallery&quot;:[{&quot;id&quot;:895,&quot;url&quot;:&quot;http:\\\/\\\/ingsintesis.com.mx\\\/wp-content\\\/uploads\\\/2024\\\/08\\\/Calidad-_01.jpg&quot;},{&quot;id&quot;:896,&quot;url&quot;:&quot;http:\\\/\\\/ingsintesis.com.mx\\\/wp-content\\\/uploads\\\/2024\\\/08\\\/Calidad-_02.jpg&quot;}],&quot;shape_divider_bottom&quot;:&quot;mountains&quot;,&quot;animation&quot;:&quot;none&quot;,&quot;background_slideshow_transition_duration&quot;:2000,&quot;background_slideshow_ken_burns_zoom_direction&quot;:&quot;out&quot;,&quot;background_slideshow_slide_duration&quot;:15000,&quot;background_slideshow_ken_burns&quot;:&quot;yes&quot;,&quot;background_slideshow_loop&quot;:&quot;yes&quot;,&quot;background_slideshow_slide_transition&quot;:&quot;fade&quot;}\">\n\t\t\t\t\t<div class=\"e-con-inner\">\n\t\t\t\t<div class=\"elementor-shape elementor-shape-bottom\" data-negative=\"false\">\n\t\t\t<svg xmlns=\"http:\/\/www.w3.org\/2000\/svg\" viewBox=\"0 0 1000 100\" preserveAspectRatio=\"none\">\n\t<path class=\"elementor-shape-fill\" opacity=\"0.33\" d=\"M473,67.3c-203.9,88.3-263.1-34-320.3,0C66,119.1,0,59.7,0,59.7V0h1000v59.7 c0,0-62.1,26.1-94.9,29.3c-32.8,3.3-62.8-12.3-75.8-22.1C806,49.6,745.3,8.7,694.9,4.7S492.4,59,473,67.3z\"\/>\n\t<path class=\"elementor-shape-fill\" opacity=\"0.66\" d=\"M734,67.3c-45.5,0-77.2-23.2-129.1-39.1c-28.6-8.7-150.3-10.1-254,39.1 s-91.7-34.4-149.2,0C115.7,118.3,0,39.8,0,39.8V0h1000v36.5c0,0-28.2-18.5-92.1-18.5C810.2,18.1,775.7,67.3,734,67.3z\"\/>\n\t<path class=\"elementor-shape-fill\" d=\"M766.1,28.9c-200-57.5-266,65.5-395.1,19.5C242,1.8,242,5.4,184.8,20.6C128,35.8,132.3,44.9,89.9,52.5C28.6,63.7,0,0,0,0 h1000c0,0-9.9,40.9-83.6,48.1S829.6,47,766.1,28.9z\"\/>\n<\/svg>\t\t<\/div>\n\t\t\t\t<div class=\"elementor-element elementor-element-7cb23e8e elementor-widget__width-initial elementor-widget-mobile__width-initial elementor-widget elementor-widget-heading\" data-id=\"7cb23e8e\" data-element_type=\"widget\" data-widget_type=\"heading.default\">\n\t\t\t\t<div class=\"elementor-widget-container\">\n\t\t\t<h1 class=\"elementor-heading-title elementor-size-default\">Calidad del aire  <\/h1>\t\t<\/div>\n\t\t\t\t<\/div>\n\t\t\t\t<div class=\"elementor-element elementor-element-c143532 elementor-widget__width-initial elementor-widget-mobile__width-initial elementor-widget elementor-widget-text-editor\" data-id=\"c143532\" data-element_type=\"widget\" data-widget_type=\"text-editor.default\">\n\t\t\t\t<div class=\"elementor-widget-container\">\n\t\t\t\t\t\t\t<p>Servicios enfocados en la medici\u00f3n y determinaci\u00f3n de contaminantes en aire ambiente.<\/p>\t\t\t\t\t\t<\/div>\n\t\t\t\t<\/div>\n\t\t\t\t\t<\/div>\n\t\t\t\t<\/div>\n\t\t<div class=\"elementor-element elementor-element-88e1f84 e-grid e-con-boxed e-con e-parent\" data-id=\"88e1f84\" data-element_type=\"container\" data-settings=\"{&quot;background_background&quot;:&quot;classic&quot;}\">\n\t\t\t\t\t<div class=\"e-con-inner\">\n\t\t<div class=\"elementor-element elementor-element-3f66d4f e-con-full e-flex e-con e-child\" data-id=\"3f66d4f\" data-element_type=\"container\" data-settings=\"{&quot;background_background&quot;:&quot;classic&quot;}\">\n\t\t\t\t<div class=\"elementor-element elementor-element-f1336c8 elementor-view-default elementor-widget elementor-widget-icon\" data-id=\"f1336c8\" data-element_type=\"widget\" data-widget_type=\"icon.default\">\n\t\t\t\t<div class=\"elementor-widget-container\">\n\t\t\t\t\t<div class=\"elementor-icon-wrapper\">\n\t\t\t<div class=\"elementor-icon\">\n\t\t\t<svg xmlns=\"http:\/\/www.w3.org\/2000\/svg\" xmlns:xlink=\"http:\/\/www.w3.org\/1999\/xlink\" id=\"Capa_1\" x=\"0px\" y=\"0px\" viewBox=\"0 0 79.9 80\" style=\"enable-background:new 0 0 79.9 80;\" xml:space=\"preserve\"><style type=\"text\/css\">\t.st0{fill:#FFFFFF;}\t.st1{fill:#66CC66;}<\/style><path class=\"st0\" d=\"M74.8,30.8c-1.4-4.8-3.6-9-6.5-12.9c-3.7-5-8.3-8.6-13.9-11.1c-4.6-2.1-9.5-3-14.4-2.9c-4.3,0-8.1,0.7-11.9,2.2 c-6.6,2.5-12.2,6.3-16.5,12c-3.5,4.6-5.9,9.8-7.1,15.5C3.4,38.8,3.6,44.1,5,49.2C7.1,56.7,11.2,63,17.3,68 c5.2,4.3,11.2,6.8,17.9,7.8c7.1,1,13.8,0,20.3-3C62,69.9,67,65.1,70.9,59c1.9-3.1,3.3-6.4,4.2-10C76.5,42.9,76.5,36.8,74.8,30.8z\"><\/path><path class=\"st1\" d=\"M60.5,42.7c-1.2,0-1.8,1.1-1.8,2.3s0.6,2.2,1.8,2.2c1.1,0,1.8-1,1.8-2.3C62.3,43.9,61.7,42.7,60.5,42.7z\"><\/path><path class=\"st1\" d=\"M56.6,53.5c-0.5,0-0.7,0.3-0.7,0.8c0,0.4,0.3,0.6,0.7,0.6s0.7-0.3,0.7-0.7C57.3,53.8,57,53.5,56.6,53.5z\"><\/path><path class=\"st1\" d=\"M49.2,30.6c1.1,0,1.8-1,1.8-2.3c0-1.1-0.6-2.2-1.8-2.2s-1.8,1.1-1.8,2.3C47.4,29.6,48,30.6,49.2,30.6z\"><\/path><path class=\"st1\" d=\"M62.5,33.7c1.1,0,1.8-1,1.8-2.3c0-1.1-0.6-2.2-1.8-2.2s-1.8,1.1-1.8,2.3C60.7,32.7,61.3,33.7,62.5,33.7z\"><\/path><path class=\"st1\" d=\"M32.5,36.1c-0.7-0.5-1.5-0.3-2,0.4c-0.1,0.2-0.3,0.4-0.5,0.5c-0.8,0.7-0.8,1.8,0,2.6c0.6,0.5,1.5,0.8,2.1,0.5 c0.9-0.4,1.4-1.2,1.4-2.3C33.6,37.2,33.2,36.5,32.5,36.1z\"><\/path><path class=\"st1\" d=\"M31.7,51.7c0-0.9,0-1.8,0-2.7c0-0.3-0.1-0.4-0.5-0.4c-1.1,0-2.2,0-3.2,0c-2.1,0-4.2,0-6.2,0 c-0.2,0-0.5,0-0.5,0.3c0,0.9,0,1.8,0,2.8C24.8,51.7,28.2,51.7,31.7,51.7z\"><\/path><path class=\"st1\" d=\"M60.2,70.2c-4.6,0-9.2,0-13.8,0s-9.2,0-13.8,0c-4.2,0-8.3,0-12.5,0c-0.5-0.3-0.9-0.6-1.4-1 c4.8,3.6,10.3,5.7,16.3,6.6c7,1,13.8,0,20.3-3C57.1,72.1,58.8,71.2,60.2,70.2C60.3,70.2,60.3,70.2,60.2,70.2z\"><\/path><path class=\"st1\" d=\"M62.9,68.2c-0.4,0.3-0.8,0.6-1.2,1C62.1,68.9,62.5,68.5,62.9,68.2z\"><\/path><path class=\"st1\" d=\"M27.9,68.2c0-0.2,0-0.4,0-0.6c0-2.5,0-5,0-7.5c0-2,0-3.9,0-5.9c0-0.4-0.1-0.6-0.5-0.5c-0.6,0-1.1,0-1.7,0 c-0.4,0-0.5,0.1-0.5,0.5c0,1.1-0.1,2.3-0.1,3.4c0,3.4,0,6.8,0,10.3c0,0.1,0,0.2,0,0.3C25.9,68.2,26.9,68.2,27.9,68.2z\"><\/path><path class=\"st1\" d=\"M78.5,29.8c-1.5-5.3-4-10-7.2-14.3C67.2,10,62.1,6,55.9,3.2C50.8,0.9,45.4-0.1,40,0c-4.7,0-9,0.8-13.2,2.4 c-7.3,2.8-13.5,7-18.2,13.3c-3.9,5.1-6.5,10.8-7.8,17.1c-1.2,5.9-1,11.7,0.5,17.4C3.6,58.5,8.2,65.5,14.9,71 c5.7,4.7,12.4,7.5,19.8,8.6c7.8,1.1,15.2,0,22.4-3.3C64.3,73,69.9,67.7,74.2,61c2.1-3.4,3.6-7.1,4.6-11 C80.4,43.2,80.4,36.5,78.5,29.8z M76.7,49.5c-0.9,3.7-2.3,7.2-4.3,10.4c-4,6.4-9.3,11.4-16.3,14.6c-6.8,3.1-13.9,4.2-21.2,3.1 c-7-1-13.3-3.7-18.7-8.1C9.8,64.2,5.5,57.6,3.3,49.7c-1.5-5.4-1.6-11-0.5-16.5c1.2-6,3.7-11.4,7.4-16.2c4.5-5.9,10.4-10,17.3-12.6 C31.4,2.8,35.5,2,40,2c5.1-0.1,10.2,0.9,15.1,3c5.9,2.6,10.7,6.5,14.5,11.6c3.1,4.1,5.5,8.6,6.9,13.6C78.3,36.7,78.4,43.1,76.7,49.5 z\"><\/path><g>\t<path class=\"st1\" d=\"M74.9,30.7c-1.3-4.8-3.6-9-6.6-13c-3.6-4.9-8.3-8.6-13.9-11c-4.7-2.1-9.6-3-14.5-2.9c-4.3,0-8.2,0.7-12,2.1  c-6.6,2.5-12.2,6.4-16.5,12C8,22.6,5.6,27.7,4.5,33.4C3.4,38.7,3.5,44,5,49.2c2.1,7.6,6.2,13.9,12.3,18.9l0.1,0.1  c0.1,0,0.2,0,0.2,0c1.3,0,2.6,0,3.9,0c0.4,0,0.9,0,1.4,0c0-4.9,0-9.7,0-14.6c-0.6,0-1.1,0.1-1.7,0.1c-1.8,0.1-1.9,0-1.9-1.8  c0-1.1,0-2.2,0-3.3c0-0.3-0.1-0.4-0.4-0.5c-2.3-0.6-3.9-2-5-4.2c-0.6-1.3-0.9-2.7-0.9-4.1c0-6.4,0-12.7,0-19.1  c0-3.2,1.5-5.7,4.2-7.5c1.4-0.9,3-1.4,4.7-1.4c3,0,6,0,9-0.1c1.9,0,3.5,0.8,4.9,1.9c2.4,2,3.5,4.5,3.5,7.6c0,6.5,0,13,0,19.5  c0,3.3-1.9,6.1-5,7.2c-0.5,0.2-0.6,0.5-0.6,1c0,1.2,0,2.4,0,3.6c0,0.9-0.2,1.1-1.1,1.1c-0.9,0-1.8,0-2.7,0c0,4.9,0,9.7,0,14.5  c3.4,0,6.8,0,10.3,0c0-0.2,0-0.4,0-0.5c0-2.1,0-4.1,0-6.2c0-0.1,0-0.2,0-0.4c0.1-0.5,0.5-1,0.9-1c0.5,0,0.9,0.4,0.9,1  c0,2,0,3.9,0,5.9c0,0.4,0,0.7,0,1.2c0.2,0,0.3,0,0.5,0c2.1,0,4.1,0,6.2,0c0.6,0,0.6,0,0.6-0.6c0-0.7,0-1.4,0-2.1  c0-0.2-0.1-0.4-0.3-0.5c-0.7-0.7-1.5-1.3-2.2-2c-0.1-0.1-0.3-0.3-0.4-0.4c-0.4-0.4-0.4-0.8-0.1-1.1c0.4-0.5,0.8-0.5,1.3-0.1  c0.6,0.5,1.1,1,1.8,1.6c0-0.3,0-0.5,0-0.7c0-2.1-0.1-4.3-0.1-6.4c0-0.2,0-0.3,0-0.5c0-0.7,0.3-1,0.9-1c0.6,0,0.9,0.3,0.9,1  c0,2.3,0,4.6,0,6.8c0,0.2,0,0.3,0,0.6c0.3-0.3,0.6-0.5,0.8-0.7c0.4-0.3,0.7-0.6,1.1-1c0.4-0.3,0.7-0.3,1,0s0.4,0.7,0.1,1  c-0.4,0.4-0.8,0.8-1.1,1.1c-0.5,0.5-1,1-1.5,1.4c-0.3,0.2-0.4,0.5-0.3,0.9c0,0.8,0,1.7,0,2.6c2.5,0,5,0,7.5,0c0-0.2,0-0.4,0-0.6  c0-2.2,0-4.5,0-6.7c0-0.6,0.3-1,0.8-1c0.6,0,1,0.3,1,0.9c0,1,0,2,0,3c0,1.4,0,2.8,0.1,4.2c0,0.1,0,0.2,0,0.3c0.8,0,1.6,0,2.4,0  c3.1-2.6,5.8-5.6,8-9.2c1.9-3.1,3.2-6.4,4.1-10C76.6,42.9,76.6,36.8,74.9,30.7z M18.1,65.7c-0.4,0-0.8-0.3-0.8-0.7  c0-0.5,0.3-0.9,0.8-0.9s0.9,0.3,0.9,0.8C19,65.3,18.5,65.7,18.1,65.7z M18.1,56.6c0.9,0,1.7,0.8,1.7,1.7S19,60,18,60  s-1.7-0.8-1.7-1.7C16.3,57.5,17.2,56.6,18.1,56.6z M13.1,63.2c-0.6,0-1.1-0.5-1.1-1.1s0.5-1.2,1.1-1.2s1.2,0.6,1.2,1.2  C14.3,62.8,13.8,63.2,13.1,63.2z M13.1,50.1c0.7-0.2,1.7,0.5,1.7,1.5c-0.2,0.1-0.4,0.4-0.7,0.6c0,0-0.2-0.1-0.3-0.2  c-0.3-0.3-0.6-0.6-0.9-1c-0.1-0.1-0.2-0.4-0.2-0.6C12.8,50.3,13,50.1,13.1,50.1z M33.4,58c0-0.6,0.5-1.1,1.1-1.1s1,0.5,1,1.1  s-0.5,1.1-1,1.1C33.9,59.1,33.4,58.6,33.4,58z M34.7,64.8c-0.5,0-0.9-0.4-0.9-1s0.4-1,1-1c0.5,0,1,0.5,1,1  C35.7,64.4,35.3,64.8,34.7,64.8z M65.1,19.1c0.7,0,1.4,0.7,1.4,1.5S65.9,22,65,22c-0.8,0-1.4-0.6-1.4-1.3  C63.6,19.9,64.3,19.1,65.1,19.1z M61.4,13.9c0.9,0,1.7,0.8,1.7,1.7c0,0.9-0.8,1.6-1.7,1.7c-0.9,0-1.7-0.7-1.7-1.6  C59.8,14.7,60.5,13.9,61.4,13.9z M59,30.8v-2.3h0.7V34H59l-1.8-2.8c-0.4-0.6-0.8-1.2-1-1.8l0,0c0,0.7,0.1,1.4,0.1,2.3V34h-0.7v-5.5  h0.8l1.8,2.8c0.4,0.6,0.7,1.2,1,1.8l0,0C59,32.3,59,31.7,59,30.8z M55.1,14c0.6,0,1.1,0.5,1.1,1.1s-0.5,1.1-1.1,1.1s-1.1-0.5-1.1-1  C53.9,14.5,54.4,14,55.1,14z M55.5,18.8c0.9,0,1.7,0.8,1.7,1.7c0,0.9-0.8,1.7-1.7,1.7s-1.6-0.7-1.6-1.5  C53.9,19.6,54.6,18.8,55.5,18.8z M51.4,20.3c0,0.5-0.5,0.9-1,0.9s-0.9-0.3-0.9-0.8c0-0.6,0.4-1,0.9-1C51,19.4,51.4,19.8,51.4,20.3z   M49.7,14.2c0.8,0,1.4,0.7,1.4,1.4S50.3,17,49.6,17s-1.4-0.6-1.4-1.3C48.2,14.9,48.9,14.2,49.7,14.2z M49.2,25.5  c1.5,0,2.5,1.2,2.5,2.8c0,1.9-1.2,2.9-2.6,2.9c-1.5,0-2.5-1.1-2.5-2.8C46.6,26.7,47.7,25.5,49.2,25.5z M62.5,28.5  c1.5,0,2.5,1.2,2.5,2.8c0,1.9-1.2,2.9-2.6,2.9c-1.5,0-2.5-1.1-2.5-2.8S61,28.5,62.5,28.5z M45,14.3c0.6,0,1.1,0.5,1.1,1.2  c0,0.5-0.5,1.1-1.1,1.1s-1.2-0.6-1.1-1.2C43.9,14.7,44.4,14.3,45,14.3z M45.2,19c0.8,0,1.6,0.8,1.6,1.6c0,0.8-0.8,1.6-1.7,1.6  s-1.6-0.6-1.6-1.5C43.6,19.8,44.3,19,45.2,19z M44.9,25.5c0.7,0,1.1,0.1,1.3,0.2L46,26.3c-0.3-0.1-0.7-0.2-1.1-0.2  c-1.3,0-2.2,0.8-2.2,2.3c0,1.4,0.8,2.2,2.1,2.2c0.4,0,0.9-0.1,1.2-0.2l0.1,0.6c-0.3,0.1-0.8,0.3-1.5,0.3c-1.6,0-2.7-1-2.7-2.8  C42.1,26.7,43.2,25.5,44.9,25.5z M43.4,40.1c-0.9-0.3-1.5-0.8-1.5-1.6c0-0.9,0.7-1.5,1.8-1.5c0.6,0,1,0.1,1.2,0.3l-0.2,0.6  c-0.2-0.1-0.5-0.3-1-0.3c-0.8,0-1,0.5-1,0.8c0,0.5,0.3,0.8,1.1,1.1c0.9,0.4,1.4,0.8,1.4,1.6c0,0.9-0.6,1.6-1.9,1.6  c-0.5,0-1.1-0.2-1.4-0.4l0.2-0.6c0.3,0.2,0.8,0.4,1.3,0.4c0.7,0,1.2-0.4,1.2-0.9C44.4,40.7,44.1,40.4,43.4,40.1z M41.6,57.3  c-1.1,0-2.1-0.9-2.1-2c0-1.2,1-2.2,2.2-2.1c1.1,0,2.2,1,2.1,2.1C43.9,56.3,42.7,57.4,41.6,57.3z M43.9,48.1c-0.8,0-1.4-0.6-1.4-1.3  c0-0.8,0.7-1.5,1.5-1.5c0.7,0,1.4,0.7,1.4,1.5C45.4,47.5,44.8,48.1,43.9,48.1z M48.5,47.6c-0.6,0-1.2-0.6-1.1-1.2  c0-0.6,0.5-1.1,1.1-1.1s1.1,0.5,1.1,1.2C49.6,47.1,49.1,47.6,48.5,47.6z M48.3,42.8c-1.5,0-2.5-1.1-2.5-2.8c0-1.8,1.1-2.9,2.6-2.9  s2.5,1.2,2.5,2.8C50.8,41.8,49.7,42.8,48.3,42.8z M51.3,51.1c-0.4,0-0.7-0.3-0.8-0.7c0-0.5,0.3-0.8,0.8-0.8c0.4,0,0.8,0.4,0.8,0.8  C52.1,50.8,51.7,51.1,51.3,51.1z M53.2,48c-0.9,0-1.7-0.7-1.7-1.6c0-1,0.7-1.8,1.7-1.8c0.9,0,1.7,0.8,1.7,1.7  C54.9,47.2,54.2,48,53.2,48z M56.6,56.3c-1.1,0-2.1-1.1-2-2.1c0-1.3,1-2.3,2.1-2.2c1.1,0,2.2,1.2,2.2,2.3  C58.7,55.3,57.6,56.4,56.6,56.3z M60.4,47.8C59,47.8,58,46.7,58,45c0-1.8,1.1-2.9,2.6-2.9s2.5,1.2,2.5,2.8  C63,46.8,61.9,47.8,60.4,47.8z M62.9,53.1c0-1.1,0.7-1.8,1.8-1.8c1,0,1.9,0.8,1.9,1.8s-1,2-2,2C63.7,55.1,62.9,54.2,62.9,53.1z   M65.7,64.4c-0.5,0-0.9-0.3-0.9-0.8c0-0.6,0.4-1,0.9-1s0.9,0.4,0.9,0.9C66.6,64,66.2,64.4,65.7,64.4z M64.4,48.4  c-0.5,0-0.8-0.1-1.1-0.2l0.2-0.4c0.2,0.1,0.5,0.2,0.9,0.2c0.7,0,0.9-0.4,0.9-0.6c0-0.4-0.5-0.7-1.1-0.7h-0.3v-0.3h0.3  c0.4,0,0.9-0.2,0.9-0.5c0-0.2-0.2-0.5-0.7-0.5c-0.3,0-0.6,0.1-0.8,0.2l-0.2-0.3c0.2-0.1,0.6-0.2,1.1-0.2c0.8,0,1.1,0.4,1.1,0.8  c0,0.3-0.2,0.6-0.8,0.8l0,0c0.5,0.1,0.9,0.4,0.9,0.8C65.9,47.9,65.3,48.4,64.4,48.4z M67.6,34.9h-2.3v-0.3l0.4-0.3  c0.9-0.9,1.3-1.3,1.3-1.9c0-0.3-0.2-0.7-0.7-0.7c-0.3,0-0.6,0.1-0.7,0.3l-0.1-0.3c0.3-0.2,0.6-0.3,1-0.3c0.7,0,1.1,0.5,1.1,1  c0,0.7-0.5,1.2-1.2,1.9l-0.3,0.3l0,0h1.6L67.6,34.9L67.6,34.9z M53.6,43.4h-2.3v-0.3l0.4-0.3c0.9-0.9,1.3-1.3,1.3-1.9  c0-0.3-0.2-0.7-0.7-0.7c-0.3,0-0.6,0.1-0.7,0.3l-0.1-0.3c0.3-0.2,0.6-0.3,1-0.3c0.7,0,1.1,0.5,1.1,1c0,0.7-0.5,1.2-1.2,1.9  l-0.3,0.3l0,0h1.6L53.6,43.4L53.6,43.4z\"><\/path>\t<path class=\"st1\" d=\"M48.3,42.2c1.1,0,1.8-1,1.8-2.3c0-1.1-0.6-2.2-1.8-2.2s-1.8,1.1-1.8,2.3C46.6,41.1,47.2,42.2,48.3,42.2z\"><\/path>\t<path class=\"st1\" d=\"M41.8,54.6c-0.5,0-0.9,0.4-0.9,0.9c0,0.4,0.4,0.7,0.8,0.7c0.4,0,0.9-0.4,0.9-0.8C42.6,55,42.2,54.6,41.8,54.6z  \"><\/path><\/g><path class=\"st1\" d=\"M19.4,39.5c0.6,0.7,1.8,1,2.5,0.5c-0.9-1-1.8-1.9-2.7-2.9C18.7,37.8,18.8,38.9,19.4,39.5z\"><\/path><path class=\"st1\" d=\"M20.4,35.9c0.9,1,1.8,2,2.7,2.9c0.3-0.8,0.1-1.8-0.6-2.5C21.9,35.7,21.1,35.5,20.4,35.9z\"><\/path><path class=\"st1\" d=\"M35.6,16.2c-1.4-1.6-3-2.5-5.2-2.5c-2.8,0.1-5.5,0.1-8.3,0.1c-1.5,0-2.9,0.3-4.1,1.2c-2,1.4-3,3.2-3.1,5.6 c0,6.5,0,13,0,19.4c0,3.7,2.8,6.5,6.5,6.5c2.1,0,4.2,0,6.2,0c1.3,0,2.6,0,3.9,0c3,0,5.7-2.7,5.7-5.8c0-3.4,0-6.8,0-10.2l0,0 c0-3.2,0-6.4,0-9.7C37.4,19.1,36.8,17.6,35.6,16.2z M24.9,15.4c2.3-0.3,4.4,0.2,6.3,1.7c3.4,2.7,4.4,7.8,2.2,11.4 c-1.5,2.5-3.9,3.8-6.8,4.1c-1,0.1-2-0.1-2.9-0.4c-3.5-1.4-5.7-4.3-5.8-8.1C17.7,19.6,21.7,15.8,24.9,15.4z M21.2,44.7 c-0.6,0-0.8-0.2-0.8-0.7s0.2-0.6,0.8-0.6c0.6,0,0.8,0.1,0.8,0.6C22,44.6,21.8,44.7,21.2,44.7z M21.2,42.1c-2.4,0-4.1-1.7-4.1-4.1 c0.1-2.4,1.6-4,3.9-4c1.8,0,4.2,1.7,4,4C25,40.4,23.5,42,21.2,42.1z M26.4,44.8c-0.7,0-0.9-0.2-0.9-1c0-0.7,0.2-0.8,1-0.8 c0.7,0,0.8,0.1,0.8,0.9C27.2,44.6,27,44.8,26.4,44.8z M31.7,44.7c-0.5,0-0.8-0.2-0.7-0.7c0-0.5,0.2-0.6,0.8-0.6 c0.5,0,0.7,0.2,0.6,0.6C32.5,44.6,32.3,44.8,31.7,44.7z M31.7,42.1c-2.4,0-4-1.7-4.1-4c0-2.4,2.3-4.1,4-4.1c1.7,0,3.9,1.7,3.8,3.9 C35.4,40.3,33.8,42.1,31.7,42.1z M34.6,32.6c-0.6,0-1-0.5-1-1.1s0.5-1.1,1.1-1.1s1,0.5,1,1.1C35.7,32.1,35.2,32.6,34.6,32.6z\"><\/path><path class=\"st1\" d=\"M26.2,23.1c-0.4,0-0.9,0.3-0.9,0.7c0,0.4,0.4,0.8,0.8,0.8s0.9-0.3,0.9-0.7C27,23.5,26.6,23.1,26.2,23.1z\"><\/path><path class=\"st1\" d=\"M30.1,23.7c0.1-0.2,0.4-0.3,0.7-0.3c0.6,0,1.2,0,1.9,0c-0.1-0.4-0.2-0.8-0.2-1.1c-0.2-0.7-0.3-0.7-0.9-0.4 c-0.2,0.1-0.5,0.1-0.8,0.2l-0.2-0.3c0.2-0.2,0.4-0.4,0.6-0.5c0.7-0.2,0.8-0.4,0.5-1c-0.1-0.2-0.2-0.4-0.3-0.5c-1-1-1-0.8-1.6,0.2 c-0.1,0.2-0.4,0.3-0.6,0.3s-0.6-0.1-0.6-0.3c-0.1-0.2,0.1-0.5,0.2-0.7c0.2-0.3,0.4-0.5,0.6-0.8c0.2-0.2,0.2-0.5-0.1-0.6 c-0.6-0.3-1.2-0.6-1.8-0.8c-0.3-0.1-0.5,0-0.5,0.4c0,0.5,0,1-0.1,1.5c0,0.3-0.2,0.4-0.5,0.5c-0.8,0.1-0.9-0.1-0.9-0.8 c0-0.3,0-0.6,0-1c0-0.2,0-0.4-0.1-0.7c-0.6,0.1-1.1,0.2-1.7,0.4c-0.2,0.1-0.4,0.2-0.6,0.4c-0.2,0.2-0.3,0.4,0,0.6 c0.3,0.4,0.6,0.7,0.9,1.1c0.3,0.3,0.2,0.6-0.1,0.8c-0.3,0.2-0.7,0.1-0.9-0.2c-0.3-0.3-0.6-0.7-0.9-1C21.9,19,21.6,19,21.6,19 c-0.4,0.5-0.8,1-1.2,1.6c0.5,0.2,0.9,0.3,1.3,0.4c0.3,0.1,0.5,0.3,0.4,0.6c-0.1,0.3-0.4,0.5-0.7,0.4c-0.4-0.1-0.8-0.3-1.3-0.4 c-0.1,0.4-0.3,0.9-0.4,1.3s0.1,0.5,0.4,0.5c0.5,0,1,0,1.4,0s0.6,0.1,0.6,0.5s-0.1,0.7-0.5,0.7s-0.9,0.1-1.3,0.1c-0.2,0-0.4,0-0.6,0 c0.1,2.9,2.5,6.1,6.7,6c3.6-0.1,6.1-3.1,6.1-6c-0.6,0-1.3,0-1.9-0.1C30,24.7,29.8,24.2,30.1,23.7z M26,26.2c-0.5,0-0.9-0.2-1.2-0.6 c-1.2-1.5-0.7-3.4,1.1-4.2c0.4-0.1,0.7-0.2,1,0.2c0.4,0.4,0.9,0.6,1.2,1.1C29,24.3,27.6,26.2,26,26.2z M30.8,27.4 c-0.1,0.3-0.2,0.5-0.5,0.4c-0.6,0-0.9-0.3-1.2-0.7c-0.1-0.2-0.1-0.5,0.1-0.7s0.5-0.4,0.8-0.3C30.7,26.2,30.9,26.7,30.8,27.4z\"><\/path><\/svg>\t\t\t<\/div>\n\t\t<\/div>\n\t\t\t\t<\/div>\n\t\t\t\t<\/div>\n\t\t\t\t<div class=\"elementor-element elementor-element-c6200c1 elementor-widget elementor-widget-text-editor\" data-id=\"c6200c1\" data-element_type=\"widget\" data-widget_type=\"text-editor.default\">\n\t\t\t\t<div class=\"elementor-widget-container\">\n\t\t\t\t\t\t\t<ul><li><strong>Part\u00edculas suspendidas en aire ambiente PST, PM10 y PM2.5<\/strong><ul><li>NOM-035-SEMARNAT-1993<\/li><li>40 CFR Part 50, Appendix J<\/li><\/ul><\/li><\/ul><ul><li><strong>Monitoreo de contaminantes CO, SO<sub>2<\/sub>, NO<sub>2<\/sub> y O<sub>3<\/sub> en aire ambiente<\/strong><ul><li>NOM-034-SEMARNAT-1993<\/li><li>NOM-036-SEMARNAT-1993<\/li><li>NOM-037-SEMARNAT-1993<\/li><li>NOM-038-SEMARNAT-1993<\/li><\/ul><\/li><\/ul>\t\t\t\t\t\t<\/div>\n\t\t\t\t<\/div>\n\t\t\t\t<\/div>\n\t\t\t\t\t<\/div>\n\t\t\t\t<\/div>\n\t\t\t\t<\/div>\n\t\t","protected":false},"excerpt":{"rendered":"<p>Calidad del aire Servicios enfocados en la medici\u00f3n y determinaci\u00f3n de contaminantes en aire ambiente. Part\u00edculas suspendidas en aire ambiente PST, PM10 y PM2.5 NOM-035-SEMARNAT-1993 40 CFR Part 50, Appendix J Monitoreo de contaminantes CO, SO2, NO2 y O3 en aire ambiente NOM-034-SEMARNAT-1993 NOM-036-SEMARNAT-1993 NOM-037-SEMARNAT-1993 NOM-038-SEMARNAT-1993<\/p>\n","protected":false},"author":1,"featured_media":0,"parent":0,"menu_order":0,"comment_status":"closed","ping_status":"closed","template":"","meta":{"_uag_custom_page_level_css":"","footnotes":""},"class_list":["post-568","page","type-page","status-publish","hentry"],"aioseo_notices":[],"uagb_featured_image_src":{"full":false,"thumbnail":false,"medium":false,"medium_large":false,"large":false,"1536x1536":false,"2048x2048":false},"uagb_author_info":{"display_name":"ingsinprueba_ywafvg","author_link":"http:\/\/ingsintesis.com.mx\/?author=1"},"uagb_comment_info":0,"uagb_excerpt":"Calidad del aire Servicios enfocados en la medici\u00f3n y determinaci\u00f3n de contaminantes en aire ambiente. Part\u00edculas suspendidas en aire ambiente PST, PM10 y PM2.5 NOM-035-SEMARNAT-1993 40 CFR Part 50, Appendix J Monitoreo de contaminantes CO, SO2, NO2 y O3 en aire ambiente NOM-034-SEMARNAT-1993 NOM-036-SEMARNAT-1993 NOM-037-SEMARNAT-1993 NOM-038-SEMARNAT-1993","_links":{"self":[{"href":"http:\/\/ingsintesis.com.mx\/index.php?rest_route=\/wp\/v2\/pages\/568","targetHints":{"allow":["GET"]}}],"collection":[{"href":"http:\/\/ingsintesis.com.mx\/index.php?rest_route=\/wp\/v2\/pages"}],"about":[{"href":"http:\/\/ingsintesis.com.mx\/index.php?rest_route=\/wp\/v2\/types\/page"}],"author":[{"embeddable":true,"href":"http:\/\/ingsintesis.com.mx\/index.php?rest_route=\/wp\/v2\/users\/1"}],"replies":[{"embeddable":true,"href":"http:\/\/ingsintesis.com.mx\/index.php?rest_route=%2Fwp%2Fv2%2Fcomments&post=568"}],"version-history":[{"count":19,"href":"http:\/\/ingsintesis.com.mx\/index.php?rest_route=\/wp\/v2\/pages\/568\/revisions"}],"predecessor-version":[{"id":1095,"href":"http:\/\/ingsintesis.com.mx\/index.php?rest_route=\/wp\/v2\/pages\/568\/revisions\/1095"}],"wp:attachment":[{"href":"http:\/\/ingsintesis.com.mx\/index.php?rest_route=%2Fwp%2Fv2%2Fmedia&parent=568"}],"curies":[{"name":"wp","href":"https:\/\/api.w.org\/{rel}","templated":true}]}}